{"id":21,"date":"2021-02-12T14:08:01","date_gmt":"2021-02-12T14:08:01","guid":{"rendered":"https:\/\/help2gether.fr\/?page_id=21"},"modified":"2021-03-01T13:08:17","modified_gmt":"2021-03-01T13:08:17","slug":"comment-taider","status":"publish","type":"page","link":"https:\/\/help2gether.fr\/index.php\/comment-taider\/","title":{"rendered":"Comment t\u2019aider ?"},"content":{"rendered":"\t\t<div data-elementor-type=\"wp-page\" data-elementor-id=\"21\" class=\"elementor elementor-21\" data-elementor-post-type=\"page\">\n\t\t\t\t\t\t<section class=\"elementor-section elementor-top-section elementor-element elementor-element-58e328c elementor-section-full_width elementor-section-height-default elementor-section-height-default\" data-id=\"58e328c\" data-element_type=\"section\" data-e-type=\"section\" data-settings=\"{&quot;shape_divider_bottom&quot;:&quot;mountains&quot;}\">\n\t\t\t\t\t<div class=\"elementor-shape elementor-shape-bottom\" aria-hidden=\"true\" data-negative=\"false\">\n\t\t\t<svg xmlns=\"http:\/\/www.w3.org\/2000\/svg\" viewBox=\"0 0 1000 100\" preserveAspectRatio=\"none\">\n\t<path class=\"elementor-shape-fill\" opacity=\"0.33\" d=\"M473,67.3c-203.9,88.3-263.1-34-320.3,0C66,119.1,0,59.7,0,59.7V0h1000v59.7 c0,0-62.1,26.1-94.9,29.3c-32.8,3.3-62.8-12.3-75.8-22.1C806,49.6,745.3,8.7,694.9,4.7S492.4,59,473,67.3z\"\/>\n\t<path class=\"elementor-shape-fill\" opacity=\"0.66\" d=\"M734,67.3c-45.5,0-77.2-23.2-129.1-39.1c-28.6-8.7-150.3-10.1-254,39.1 s-91.7-34.4-149.2,0C115.7,118.3,0,39.8,0,39.8V0h1000v36.5c0,0-28.2-18.5-92.1-18.5C810.2,18.1,775.7,67.3,734,67.3z\"\/>\n\t<path class=\"elementor-shape-fill\" d=\"M766.1,28.9c-200-57.5-266,65.5-395.1,19.5C242,1.8,242,5.4,184.8,20.6C128,35.8,132.3,44.9,89.9,52.5C28.6,63.7,0,0,0,0 h1000c0,0-9.9,40.9-83.6,48.1S829.6,47,766.1,28.9z\"\/>\n<\/svg>\t\t<\/div>\n\t\t\t\t\t<div class=\"elementor-container elementor-column-gap-no\">\n\t\t\t\t\t<div class=\"elementor-column elementor-col-100 elementor-top-column elementor-element elementor-element-ca08ec7\" data-id=\"ca08ec7\" data-element_type=\"column\" data-e-type=\"column\">\n\t\t\t<div class=\"elementor-widget-wrap elementor-element-populated\">\n\t\t\t\t\t\t<div class=\"elementor-element elementor-element-2833277 elementor-widget elementor-widget-image\" data-id=\"2833277\" data-element_type=\"widget\" data-e-type=\"widget\" data-widget_type=\"image.default\">\n\t\t\t\t<div class=\"elementor-widget-container\">\n\t\t\t\t\t\t\t\t\t\t\t\t\t\t\t<img fetchpriority=\"high\" decoding=\"async\" width=\"1920\" height=\"1280\" src=\"https:\/\/help2gether.fr\/wp-content\/uploads\/2021\/03\/boy-2420289_1920.jpg\" class=\"attachment-full size-full wp-image-499\" alt=\"garcon-aidant-h2H\" srcset=\"https:\/\/help2gether.fr\/wp-content\/uploads\/2021\/03\/boy-2420289_1920.jpg 1920w, https:\/\/help2gether.fr\/wp-content\/uploads\/2021\/03\/boy-2420289_1920-300x200.jpg 300w, https:\/\/help2gether.fr\/wp-content\/uploads\/2021\/03\/boy-2420289_1920-1024x683.jpg 1024w, https:\/\/help2gether.fr\/wp-content\/uploads\/2021\/03\/boy-2420289_1920-768x512.jpg 768w, https:\/\/help2gether.fr\/wp-content\/uploads\/2021\/03\/boy-2420289_1920-1536x1024.jpg 1536w\" sizes=\"100vw\" \/>\t\t\t\t\t\t\t\t\t\t\t\t\t\t\t<\/div>\n\t\t\t\t<\/div>\n\t\t\t\t\t<\/div>\n\t\t<\/div>\n\t\t\t\t\t<\/div>\n\t\t<\/section>\n\t\t\t\t<section class=\"elementor-section elementor-top-section elementor-element elementor-element-8ba0769 elementor-section-boxed elementor-section-height-default elementor-section-height-default\" data-id=\"8ba0769\" data-element_type=\"section\" data-e-type=\"section\">\n\t\t\t\t\t\t<div class=\"elementor-container elementor-column-gap-default\">\n\t\t\t\t\t<div class=\"elementor-column elementor-col-100 elementor-top-column elementor-element elementor-element-1471739\" data-id=\"1471739\" data-element_type=\"column\" data-e-type=\"column\">\n\t\t\t<div class=\"elementor-widget-wrap elementor-element-populated\">\n\t\t\t\t\t\t<div class=\"elementor-element elementor-element-258a477 elementor-widget elementor-widget-heading\" data-id=\"258a477\" data-element_type=\"widget\" data-e-type=\"widget\" data-widget_type=\"heading.default\">\n\t\t\t\t<div class=\"elementor-widget-container\">\n\t\t\t\t\t<h1 class=\"elementor-heading-title elementor-size-default\">Comment t\u2019aider ?<\/h1>\t\t\t\t<\/div>\n\t\t\t\t<\/div>\n\t\t\t\t<div class=\"elementor-element elementor-element-bb9f411 elementor-widget elementor-widget-text-editor\" data-id=\"bb9f411\" data-element_type=\"widget\" data-e-type=\"widget\" data-widget_type=\"text-editor.default\">\n\t\t\t\t<div class=\"elementor-widget-container\">\n\t\t\t\t\t\t\t\t\t<p>Tu aides ton petit fr\u00e8re \u00e0 faire ses devoirs car ta maman est malade, tu surveilles ton papa atteint de maladie mentale quand ta maman s\u2019absente, tu t\u2019occupes des t\u00e2ches administratives pour ta grand-m\u00e8re hospitalis\u00e9e \u00e0 domicile&#8230;<\/p><p>Tu prends des responsabilit\u00e9s qui ne sont pas de ton \u00e2ge, tu te sens d\u00e9pass\u00e9, tu as besoin de r\u00e9ponses, de conseils&#8230;<\/p><p>La plateforme est l\u00e0 pour t\u2019\u00e9couter, te soutenir, t\u2019informer, t\u2019aider.<\/p>\t\t\t\t\t\t\t\t<\/div>\n\t\t\t\t<\/div>\n\t\t\t\t\t<\/div>\n\t\t<\/div>\n\t\t\t\t\t<\/div>\n\t\t<\/section>\n\t\t\t\t<section class=\"elementor-section elementor-top-section elementor-element elementor-element-f06eb75 elementor-section-boxed elementor-section-height-default elementor-section-height-default\" data-id=\"f06eb75\" data-element_type=\"section\" data-e-type=\"section\" data-settings=\"{&quot;background_background&quot;:&quot;classic&quot;}\">\n\t\t\t\t\t\t<div class=\"elementor-container elementor-column-gap-default\">\n\t\t\t\t\t<div class=\"elementor-column elementor-col-100 elementor-top-column elementor-element elementor-element-68f6503\" data-id=\"68f6503\" data-element_type=\"column\" data-e-type=\"column\">\n\t\t\t<div class=\"elementor-widget-wrap elementor-element-populated\">\n\t\t\t\t\t\t<div class=\"elementor-element elementor-element-d4c3918 elementor-widget elementor-widget-heading\" data-id=\"d4c3918\" data-element_type=\"widget\" data-e-type=\"widget\" data-widget_type=\"heading.default\">\n\t\t\t\t<div class=\"elementor-widget-container\">\n\t\t\t\t\t<h2 class=\"elementor-heading-title elementor-size-default\">\u00c9couter \u2013 Informer - Soutenir<\/h2>\t\t\t\t<\/div>\n\t\t\t\t<\/div>\n\t\t\t\t\t<\/div>\n\t\t<\/div>\n\t\t\t\t\t<\/div>\n\t\t<\/section>\n\t\t\t\t<section class=\"elementor-section elementor-top-section elementor-element elementor-element-ac78e7e elementor-section-full_width elementor-section-height-default elementor-section-height-default\" data-id=\"ac78e7e\" data-element_type=\"section\" data-e-type=\"section\" data-settings=\"{&quot;background_background&quot;:&quot;classic&quot;}\">\n\t\t\t\t\t\t<div class=\"elementor-container elementor-column-gap-default\">\n\t\t\t\t\t<div class=\"elementor-column elementor-col-100 elementor-top-column elementor-element elementor-element-cf551e1\" data-id=\"cf551e1\" data-element_type=\"column\" data-e-type=\"column\" data-settings=\"{&quot;background_background&quot;:&quot;classic&quot;}\">\n\t\t\t<div class=\"elementor-widget-wrap elementor-element-populated\">\n\t\t\t\t\t\t<div class=\"elementor-element elementor-element-b04c15a elementor-testimonial--skin-bubble elementor-testimonial--layout-image_above elementor-testimonial--align-center elementor-widget elementor-widget-testimonial-carousel\" data-id=\"b04c15a\" data-element_type=\"widget\" data-e-type=\"widget\" data-settings=\"{&quot;slides_per_view&quot;:&quot;1&quot;,&quot;speed&quot;:800,&quot;loop&quot;:&quot;yes&quot;,&quot;space_between&quot;:{&quot;unit&quot;:&quot;px&quot;,&quot;size&quot;:10,&quot;sizes&quot;:[]},&quot;space_between_tablet&quot;:{&quot;unit&quot;:&quot;px&quot;,&quot;size&quot;:10,&quot;sizes&quot;:[]},&quot;space_between_mobile&quot;:{&quot;unit&quot;:&quot;px&quot;,&quot;size&quot;:10,&quot;sizes&quot;:[]}}\" data-widget_type=\"testimonial-carousel.default\">\n\t\t\t\t<div class=\"elementor-widget-container\">\n\t\t\t\t\t\t\t\t\t<div class=\"elementor-swiper\">\n\t\t\t\t\t<div class=\"elementor-main-swiper swiper\" role=\"region\" aria-roledescription=\"carousel\" aria-label=\"Diapositives\">\n\t\t\t\t<div class=\"swiper-wrapper\">\n\t\t\t\t\t\t\t\t\t\t\t<div class=\"swiper-slide\" role=\"group\" aria-roledescription=\"slide\">\n\t\t\t\t\t\t\t\t\t<div class=\"elementor-testimonial\">\n\t\t\t\t\t\t\t<div class=\"elementor-testimonial__content\">\n\t\t\t\t\t<div class=\"elementor-testimonial__text\">\n\t\t\t\t\t\tNous manquons cruellement d\u2019informations pour faciliter nos vies. Il a fallu dix ans pour savoir qu\u2019avec une simple ordonnance d\u2019un g\u00e9n\u00e9raliste, on pouvait avoir un lit m\u00e9dicalis\u00e9 pour ma maman. Cela a chang\u00e9 notre quotidien !\t\t\t\t\t<\/div>\n\t\t\t\t\t\t\t\t\t<\/div>\n\t\t\t\t\t\t<div class=\"elementor-testimonial__footer\">\n\t\t\t\t\t\t\t\t\t<div class=\"elementor-testimonial__image\">\n\t\t\t\t\t\t<img decoding=\"async\" src=\"https:\/\/help2gether.fr\/wp-content\/uploads\/2021\/02\/helpegether-temoignage-nessie@2x.png\" alt=\"Nessie\">\n\t\t\t\t\t\t\t\t\t\t\t<\/div>\n\t\t\t\t\t\t\t\t<cite class=\"elementor-testimonial__cite\"><span class=\"elementor-testimonial__name\">Nessie<\/span><span class=\"elementor-testimonial__title\">26 ans<\/span><\/cite>\t\t\t<\/div>\n\t\t<\/div>\n\t\t\t\t\t\t\t\t<\/div>\n\t\t\t\t\t\t\t\t\t<\/div>\n\t\t\t\t\t\t\t<\/div>\n\t\t\t\t<\/div>\n\t\t\t\t\t\t\t\t<\/div>\n\t\t\t\t<\/div>\n\t\t\t\t\t<\/div>\n\t\t<\/div>\n\t\t\t\t\t<\/div>\n\t\t<\/section>\n\t\t\t\t<section class=\"elementor-section elementor-top-section elementor-element elementor-element-4a57ae1 elementor-section-full_width elementor-section-height-default elementor-section-height-default\" data-id=\"4a57ae1\" data-element_type=\"section\" data-e-type=\"section\">\n\t\t\t\t\t\t<div class=\"elementor-container elementor-column-gap-default\">\n\t\t\t\t\t<div class=\"elementor-column elementor-col-33 elementor-top-column elementor-element elementor-element-1f628e6\" data-id=\"1f628e6\" data-element_type=\"column\" data-e-type=\"column\" data-settings=\"{&quot;background_background&quot;:&quot;classic&quot;}\">\n\t\t\t<div class=\"elementor-widget-wrap elementor-element-populated\">\n\t\t\t\t\t\t<div class=\"elementor-element elementor-element-4f21413 elementor-view-default elementor-widget elementor-widget-icon\" data-id=\"4f21413\" data-element_type=\"widget\" data-e-type=\"widget\" data-widget_type=\"icon.default\">\n\t\t\t\t<div class=\"elementor-widget-container\">\n\t\t\t\t\t\t\t<div class=\"elementor-icon-wrapper\">\n\t\t\t<div class=\"elementor-icon\">\n\t\t\t<i aria-hidden=\"true\" class=\"fab fa-whatsapp\"><\/i>\t\t\t<\/div>\n\t\t<\/div>\n\t\t\t\t\t\t<\/div>\n\t\t\t\t<\/div>\n\t\t\t\t<div class=\"elementor-element elementor-element-a077dd7 elementor-align-center elementor-widget elementor-widget-button\" data-id=\"a077dd7\" data-element_type=\"widget\" data-e-type=\"widget\" data-widget_type=\"button.default\">\n\t\t\t\t<div class=\"elementor-widget-container\">\n\t\t\t\t\t\t\t\t\t<div class=\"elementor-button-wrapper\">\n\t\t\t\t\t<a class=\"elementor-button elementor-button-link elementor-size-sm elementor-animation-grow\" href=\"https:\/\/help2gether.fr\/index.php\/comment-taider\/prenons-contact\/\">\n\t\t\t\t\t\t<span class=\"elementor-button-content-wrapper\">\n\t\t\t\t\t\t\t\t\t<span class=\"elementor-button-text\">PRENONS CONTACT<\/span>\n\t\t\t\t\t<\/span>\n\t\t\t\t\t<\/a>\n\t\t\t\t<\/div>\n\t\t\t\t\t\t\t\t<\/div>\n\t\t\t\t<\/div>\n\t\t\t\t\t<\/div>\n\t\t<\/div>\n\t\t\t\t<div class=\"elementor-column elementor-col-33 elementor-top-column elementor-element elementor-element-6ae1fce\" data-id=\"6ae1fce\" data-element_type=\"column\" data-e-type=\"column\">\n\t\t\t<div class=\"elementor-widget-wrap elementor-element-populated\">\n\t\t\t\t\t\t<div class=\"elementor-element elementor-element-e4651f6 elementor-view-default elementor-widget elementor-widget-icon\" data-id=\"e4651f6\" data-element_type=\"widget\" data-e-type=\"widget\" data-widget_type=\"icon.default\">\n\t\t\t\t<div class=\"elementor-widget-container\">\n\t\t\t\t\t\t\t<div class=\"elementor-icon-wrapper\">\n\t\t\t<div class=\"elementor-icon\">\n\t\t\t<i aria-hidden=\"true\" class=\"far fa-pause-circle\"><\/i>\t\t\t<\/div>\n\t\t<\/div>\n\t\t\t\t\t\t<\/div>\n\t\t\t\t<\/div>\n\t\t\t\t<div class=\"elementor-element elementor-element-3f28a07 elementor-align-center elementor-widget elementor-widget-button\" data-id=\"3f28a07\" data-element_type=\"widget\" data-e-type=\"widget\" data-widget_type=\"button.default\">\n\t\t\t\t<div class=\"elementor-widget-container\">\n\t\t\t\t\t\t\t\t\t<div class=\"elementor-button-wrapper\">\n\t\t\t\t\t<a class=\"elementor-button elementor-button-link elementor-size-sm elementor-animation-grow\" href=\"https:\/\/help2gether.fr\/index.php\/comment-taider\/envie-de-souffler\/\">\n\t\t\t\t\t\t<span class=\"elementor-button-content-wrapper\">\n\t\t\t\t\t\t\t\t\t<span class=\"elementor-button-text\">ENVIE DE SOUFFLER<\/span>\n\t\t\t\t\t<\/span>\n\t\t\t\t\t<\/a>\n\t\t\t\t<\/div>\n\t\t\t\t\t\t\t\t<\/div>\n\t\t\t\t<\/div>\n\t\t\t\t\t<\/div>\n\t\t<\/div>\n\t\t\t\t<div class=\"elementor-column elementor-col-33 elementor-top-column elementor-element elementor-element-37348f5\" data-id=\"37348f5\" data-element_type=\"column\" data-e-type=\"column\" data-settings=\"{&quot;background_background&quot;:&quot;classic&quot;}\">\n\t\t\t<div class=\"elementor-widget-wrap elementor-element-populated\">\n\t\t\t\t\t\t<div class=\"elementor-element elementor-element-b9bcafc elementor-view-default elementor-widget elementor-widget-icon\" data-id=\"b9bcafc\" data-element_type=\"widget\" data-e-type=\"widget\" data-widget_type=\"icon.default\">\n\t\t\t\t<div class=\"elementor-widget-container\">\n\t\t\t\t\t\t\t<div class=\"elementor-icon-wrapper\">\n\t\t\t<div class=\"elementor-icon\">\n\t\t\t<i aria-hidden=\"true\" class=\"far fa-smile-beam\"><\/i>\t\t\t<\/div>\n\t\t<\/div>\n\t\t\t\t\t\t<\/div>\n\t\t\t\t<\/div>\n\t\t\t\t<div class=\"elementor-element elementor-element-e7a367c elementor-align-center elementor-widget elementor-widget-button\" data-id=\"e7a367c\" data-element_type=\"widget\" data-e-type=\"widget\" data-widget_type=\"button.default\">\n\t\t\t\t<div class=\"elementor-widget-container\">\n\t\t\t\t\t\t\t\t\t<div class=\"elementor-button-wrapper\">\n\t\t\t\t\t<a class=\"elementor-button elementor-button-link elementor-size-sm elementor-animation-grow\" href=\"https:\/\/help2gether.fr\/index.php\/comment-taider\/et-si-on-tchatait-ensemble\/\">\n\t\t\t\t\t\t<span class=\"elementor-button-content-wrapper\">\n\t\t\t\t\t\t\t\t\t<span class=\"elementor-button-text\">ET SI ON TCHATAIT ENSEMBLE ?<\/span>\n\t\t\t\t\t<\/span>\n\t\t\t\t\t<\/a>\n\t\t\t\t<\/div>\n\t\t\t\t\t\t\t\t<\/div>\n\t\t\t\t<\/div>\n\t\t\t\t\t<\/div>\n\t\t<\/div>\n\t\t\t\t\t<\/div>\n\t\t<\/section>\n\t\t\t\t<\/div>\n\t\t","protected":false},"excerpt":{"rendered":"<p>Tu aides ton petit fr\u00e8re \u00e0 faire ses devoirs car ta maman est malade, tu surveilles ton papa atteint de maladie mentale quand ta maman s\u2019absente, tu t\u2019occupes des t\u00e2ches administratives pour ta grand-m\u00e8re hospitalis\u00e9e \u00e0 domicile&#8230; Tu prends des responsabilit\u00e9s qui ne sont pas de ton \u00e2ge, tu te sens d\u00e9pass\u00e9, tu as besoin &hellip; <\/p>\n<p class=\"link-more\"><a href=\"https:\/\/help2gether.fr\/index.php\/comment-taider\/\" class=\"more-link\">Continuer la lecture<span class=\"screen-reader-text\"> de &laquo;&nbsp;Comment t\u2019aider ?&nbsp;&raquo;<\/span><\/a><\/p>\n","protected":false},"author":1,"featured_media":0,"parent":0,"menu_order":2,"comment_status":"closed","ping_status":"closed","template":"elementor_header_footer","meta":{"footnotes":""},"class_list":["post-21","page","type-page","status-publish","hentry"],"yoast_head":"<!-- This site is optimized with the Yoast SEO plugin v27.3 - https:\/\/yoast.com\/product\/yoast-seo-wordpress\/ -->\n<title>Comment t\u2019aider ? - Help2gether<\/title>\n<meta name=\"robots\" content=\"index, follow, max-snippet:-1, max-image-preview:large, max-video-preview:-1\" \/>\n<link rel=\"canonical\" href=\"https:\/\/help2gether.fr\/index.php\/comment-taider\/\" \/>\n<meta property=\"og:locale\" content=\"fr_FR\" \/>\n<meta property=\"og:type\" content=\"article\" \/>\n<meta property=\"og:title\" content=\"Comment t\u2019aider ? - Help2gether\" \/>\n<meta property=\"og:description\" content=\"Tu aides ton petit fr\u00e8re \u00e0 faire ses devoirs car ta maman est malade, tu surveilles ton papa atteint de maladie mentale quand ta maman s\u2019absente, tu t\u2019occupes des t\u00e2ches administratives pour ta grand-m\u00e8re hospitalis\u00e9e \u00e0 domicile&#8230; Tu prends des responsabilit\u00e9s qui ne sont pas de ton \u00e2ge, tu te sens d\u00e9pass\u00e9, tu as besoin &hellip; Continuer la lecture de &laquo;&nbsp;Comment t\u2019aider ?&nbsp;&raquo;\" \/>\n<meta property=\"og:url\" content=\"https:\/\/help2gether.fr\/index.php\/comment-taider\/\" \/>\n<meta property=\"og:site_name\" content=\"Help2gether\" \/>\n<meta property=\"article:modified_time\" content=\"2021-03-01T13:08:17+00:00\" \/>\n<meta property=\"og:image\" content=\"https:\/\/help2gether.fr\/wp-content\/uploads\/2021\/03\/boy-2420289_1920.jpg\" \/>\n<meta name=\"twitter:card\" content=\"summary_large_image\" \/>\n<meta name=\"twitter:label1\" content=\"Dur\u00e9e de lecture estim\u00e9e\" \/>\n\t<meta name=\"twitter:data1\" content=\"1 minute\" \/>\n<script type=\"application\/ld+json\" class=\"yoast-schema-graph\">{\"@context\":\"https:\\\/\\\/schema.org\",\"@graph\":[{\"@type\":\"WebPage\",\"@id\":\"https:\\\/\\\/help2gether.fr\\\/index.php\\\/comment-taider\\\/\",\"url\":\"https:\\\/\\\/help2gether.fr\\\/index.php\\\/comment-taider\\\/\",\"name\":\"Comment t\u2019aider ? - Help2gether\",\"isPartOf\":{\"@id\":\"https:\\\/\\\/help2gether.fr\\\/#website\"},\"primaryImageOfPage\":{\"@id\":\"https:\\\/\\\/help2gether.fr\\\/index.php\\\/comment-taider\\\/#primaryimage\"},\"image\":{\"@id\":\"https:\\\/\\\/help2gether.fr\\\/index.php\\\/comment-taider\\\/#primaryimage\"},\"thumbnailUrl\":\"https:\\\/\\\/help2gether.fr\\\/wp-content\\\/uploads\\\/2021\\\/03\\\/boy-2420289_1920.jpg\",\"datePublished\":\"2021-02-12T14:08:01+00:00\",\"dateModified\":\"2021-03-01T13:08:17+00:00\",\"breadcrumb\":{\"@id\":\"https:\\\/\\\/help2gether.fr\\\/index.php\\\/comment-taider\\\/#breadcrumb\"},\"inLanguage\":\"fr-FR\",\"potentialAction\":[{\"@type\":\"ReadAction\",\"target\":[\"https:\\\/\\\/help2gether.fr\\\/index.php\\\/comment-taider\\\/\"]}]},{\"@type\":\"ImageObject\",\"inLanguage\":\"fr-FR\",\"@id\":\"https:\\\/\\\/help2gether.fr\\\/index.php\\\/comment-taider\\\/#primaryimage\",\"url\":\"https:\\\/\\\/help2gether.fr\\\/wp-content\\\/uploads\\\/2021\\\/03\\\/boy-2420289_1920.jpg\",\"contentUrl\":\"https:\\\/\\\/help2gether.fr\\\/wp-content\\\/uploads\\\/2021\\\/03\\\/boy-2420289_1920.jpg\",\"width\":1920,\"height\":1280,\"caption\":\"garcon-aidant-h2H\"},{\"@type\":\"BreadcrumbList\",\"@id\":\"https:\\\/\\\/help2gether.fr\\\/index.php\\\/comment-taider\\\/#breadcrumb\",\"itemListElement\":[{\"@type\":\"ListItem\",\"position\":1,\"name\":\"Accueil\",\"item\":\"https:\\\/\\\/help2gether.fr\\\/\"},{\"@type\":\"ListItem\",\"position\":2,\"name\":\"Comment t\u2019aider ?\"}]},{\"@type\":\"WebSite\",\"@id\":\"https:\\\/\\\/help2gether.fr\\\/#website\",\"url\":\"https:\\\/\\\/help2gether.fr\\\/\",\"name\":\"Help2gether\",\"description\":\"Les jeunes aidants s\u2019entraident\",\"publisher\":{\"@id\":\"https:\\\/\\\/help2gether.fr\\\/#organization\"},\"potentialAction\":[{\"@type\":\"SearchAction\",\"target\":{\"@type\":\"EntryPoint\",\"urlTemplate\":\"https:\\\/\\\/help2gether.fr\\\/?s={search_term_string}\"},\"query-input\":{\"@type\":\"PropertyValueSpecification\",\"valueRequired\":true,\"valueName\":\"search_term_string\"}}],\"inLanguage\":\"fr-FR\"},{\"@type\":\"Organization\",\"@id\":\"https:\\\/\\\/help2gether.fr\\\/#organization\",\"name\":\"Help2gether\",\"url\":\"https:\\\/\\\/help2gether.fr\\\/\",\"logo\":{\"@type\":\"ImageObject\",\"inLanguage\":\"fr-FR\",\"@id\":\"https:\\\/\\\/help2gether.fr\\\/#\\\/schema\\\/logo\\\/image\\\/\",\"url\":\"https:\\\/\\\/help2gether.fr\\\/wp-content\\\/uploads\\\/2021\\\/02\\\/cropped-help2gether-logo.png\",\"contentUrl\":\"https:\\\/\\\/help2gether.fr\\\/wp-content\\\/uploads\\\/2021\\\/02\\\/cropped-help2gether-logo.png\",\"width\":250,\"height\":250,\"caption\":\"Help2gether\"},\"image\":{\"@id\":\"https:\\\/\\\/help2gether.fr\\\/#\\\/schema\\\/logo\\\/image\\\/\"}}]}<\/script>\n<!-- \/ Yoast SEO plugin. -->","yoast_head_json":{"title":"Comment t\u2019aider ? - Help2gether","robots":{"index":"index","follow":"follow","max-snippet":"max-snippet:-1","max-image-preview":"max-image-preview:large","max-video-preview":"max-video-preview:-1"},"canonical":"https:\/\/help2gether.fr\/index.php\/comment-taider\/","og_locale":"fr_FR","og_type":"article","og_title":"Comment t\u2019aider ? - Help2gether","og_description":"Tu aides ton petit fr\u00e8re \u00e0 faire ses devoirs car ta maman est malade, tu surveilles ton papa atteint de maladie mentale quand ta maman s\u2019absente, tu t\u2019occupes des t\u00e2ches administratives pour ta grand-m\u00e8re hospitalis\u00e9e \u00e0 domicile&#8230; Tu prends des responsabilit\u00e9s qui ne sont pas de ton \u00e2ge, tu te sens d\u00e9pass\u00e9, tu as besoin &hellip; Continuer la lecture de &laquo;&nbsp;Comment t\u2019aider ?&nbsp;&raquo;","og_url":"https:\/\/help2gether.fr\/index.php\/comment-taider\/","og_site_name":"Help2gether","article_modified_time":"2021-03-01T13:08:17+00:00","og_image":[{"url":"https:\/\/help2gether.fr\/wp-content\/uploads\/2021\/03\/boy-2420289_1920.jpg","type":"","width":"","height":""}],"twitter_card":"summary_large_image","twitter_misc":{"Dur\u00e9e de lecture estim\u00e9e":"1 minute"},"schema":{"@context":"https:\/\/schema.org","@graph":[{"@type":"WebPage","@id":"https:\/\/help2gether.fr\/index.php\/comment-taider\/","url":"https:\/\/help2gether.fr\/index.php\/comment-taider\/","name":"Comment t\u2019aider ? - Help2gether","isPartOf":{"@id":"https:\/\/help2gether.fr\/#website"},"primaryImageOfPage":{"@id":"https:\/\/help2gether.fr\/index.php\/comment-taider\/#primaryimage"},"image":{"@id":"https:\/\/help2gether.fr\/index.php\/comment-taider\/#primaryimage"},"thumbnailUrl":"https:\/\/help2gether.fr\/wp-content\/uploads\/2021\/03\/boy-2420289_1920.jpg","datePublished":"2021-02-12T14:08:01+00:00","dateModified":"2021-03-01T13:08:17+00:00","breadcrumb":{"@id":"https:\/\/help2gether.fr\/index.php\/comment-taider\/#breadcrumb"},"inLanguage":"fr-FR","potentialAction":[{"@type":"ReadAction","target":["https:\/\/help2gether.fr\/index.php\/comment-taider\/"]}]},{"@type":"ImageObject","inLanguage":"fr-FR","@id":"https:\/\/help2gether.fr\/index.php\/comment-taider\/#primaryimage","url":"https:\/\/help2gether.fr\/wp-content\/uploads\/2021\/03\/boy-2420289_1920.jpg","contentUrl":"https:\/\/help2gether.fr\/wp-content\/uploads\/2021\/03\/boy-2420289_1920.jpg","width":1920,"height":1280,"caption":"garcon-aidant-h2H"},{"@type":"BreadcrumbList","@id":"https:\/\/help2gether.fr\/index.php\/comment-taider\/#breadcrumb","itemListElement":[{"@type":"ListItem","position":1,"name":"Accueil","item":"https:\/\/help2gether.fr\/"},{"@type":"ListItem","position":2,"name":"Comment t\u2019aider ?"}]},{"@type":"WebSite","@id":"https:\/\/help2gether.fr\/#website","url":"https:\/\/help2gether.fr\/","name":"Help2gether","description":"Les jeunes aidants s\u2019entraident","publisher":{"@id":"https:\/\/help2gether.fr\/#organization"},"potentialAction":[{"@type":"SearchAction","target":{"@type":"EntryPoint","urlTemplate":"https:\/\/help2gether.fr\/?s={search_term_string}"},"query-input":{"@type":"PropertyValueSpecification","valueRequired":true,"valueName":"search_term_string"}}],"inLanguage":"fr-FR"},{"@type":"Organization","@id":"https:\/\/help2gether.fr\/#organization","name":"Help2gether","url":"https:\/\/help2gether.fr\/","logo":{"@type":"ImageObject","inLanguage":"fr-FR","@id":"https:\/\/help2gether.fr\/#\/schema\/logo\/image\/","url":"https:\/\/help2gether.fr\/wp-content\/uploads\/2021\/02\/cropped-help2gether-logo.png","contentUrl":"https:\/\/help2gether.fr\/wp-content\/uploads\/2021\/02\/cropped-help2gether-logo.png","width":250,"height":250,"caption":"Help2gether"},"image":{"@id":"https:\/\/help2gether.fr\/#\/schema\/logo\/image\/"}}]}},"_links":{"self":[{"href":"https:\/\/help2gether.fr\/index.php\/wp-json\/wp\/v2\/pages\/21","targetHints":{"allow":["GET"]}}],"collection":[{"href":"https:\/\/help2gether.fr\/index.php\/wp-json\/wp\/v2\/pages"}],"about":[{"href":"https:\/\/help2gether.fr\/index.php\/wp-json\/wp\/v2\/types\/page"}],"author":[{"embeddable":true,"href":"https:\/\/help2gether.fr\/index.php\/wp-json\/wp\/v2\/users\/1"}],"replies":[{"embeddable":true,"href":"https:\/\/help2gether.fr\/index.php\/wp-json\/wp\/v2\/comments?post=21"}],"version-history":[{"count":25,"href":"https:\/\/help2gether.fr\/index.php\/wp-json\/wp\/v2\/pages\/21\/revisions"}],"predecessor-version":[{"id":521,"href":"https:\/\/help2gether.fr\/index.php\/wp-json\/wp\/v2\/pages\/21\/revisions\/521"}],"wp:attachment":[{"href":"https:\/\/help2gether.fr\/index.php\/wp-json\/wp\/v2\/media?parent=21"}],"curies":[{"name":"wp","href":"https:\/\/api.w.org\/{rel}","templated":true}]}}