{"id":23,"date":"2021-02-12T14:08:53","date_gmt":"2021-02-12T14:08:53","guid":{"rendered":"https:\/\/help2gether.fr\/?page_id=23"},"modified":"2021-03-12T11:25:46","modified_gmt":"2021-03-12T11:25:46","slug":"prenons-contact","status":"publish","type":"page","link":"https:\/\/help2gether.fr\/index.php\/comment-taider\/prenons-contact\/","title":{"rendered":"Prenons contact"},"content":{"rendered":"\t\t<div data-elementor-type=\"wp-page\" data-elementor-id=\"23\" class=\"elementor elementor-23\" data-elementor-post-type=\"page\">\n\t\t\t\t\t\t<section class=\"elementor-section elementor-top-section elementor-element elementor-element-56a24d9 elementor-section-full_width elementor-section-height-default elementor-section-height-default\" data-id=\"56a24d9\" data-element_type=\"section\" data-e-type=\"section\" data-settings=\"{&quot;shape_divider_bottom&quot;:&quot;mountains&quot;}\">\n\t\t\t\t\t<div class=\"elementor-shape elementor-shape-bottom\" aria-hidden=\"true\" data-negative=\"false\">\n\t\t\t<svg xmlns=\"http:\/\/www.w3.org\/2000\/svg\" viewBox=\"0 0 1000 100\" preserveAspectRatio=\"none\">\n\t<path class=\"elementor-shape-fill\" opacity=\"0.33\" d=\"M473,67.3c-203.9,88.3-263.1-34-320.3,0C66,119.1,0,59.7,0,59.7V0h1000v59.7 c0,0-62.1,26.1-94.9,29.3c-32.8,3.3-62.8-12.3-75.8-22.1C806,49.6,745.3,8.7,694.9,4.7S492.4,59,473,67.3z\"\/>\n\t<path class=\"elementor-shape-fill\" opacity=\"0.66\" d=\"M734,67.3c-45.5,0-77.2-23.2-129.1-39.1c-28.6-8.7-150.3-10.1-254,39.1 s-91.7-34.4-149.2,0C115.7,118.3,0,39.8,0,39.8V0h1000v36.5c0,0-28.2-18.5-92.1-18.5C810.2,18.1,775.7,67.3,734,67.3z\"\/>\n\t<path class=\"elementor-shape-fill\" d=\"M766.1,28.9c-200-57.5-266,65.5-395.1,19.5C242,1.8,242,5.4,184.8,20.6C128,35.8,132.3,44.9,89.9,52.5C28.6,63.7,0,0,0,0 h1000c0,0-9.9,40.9-83.6,48.1S829.6,47,766.1,28.9z\"\/>\n<\/svg>\t\t<\/div>\n\t\t\t\t\t<div class=\"elementor-container elementor-column-gap-no\">\n\t\t\t\t\t<div class=\"elementor-column elementor-col-100 elementor-top-column elementor-element elementor-element-a9be321\" data-id=\"a9be321\" data-element_type=\"column\" data-e-type=\"column\">\n\t\t\t<div class=\"elementor-widget-wrap elementor-element-populated\">\n\t\t\t\t\t\t<div class=\"elementor-element elementor-element-6764993 elementor-widget elementor-widget-image\" data-id=\"6764993\" data-element_type=\"widget\" data-e-type=\"widget\" data-widget_type=\"image.default\">\n\t\t\t\t<div class=\"elementor-widget-container\">\n\t\t\t\t\t\t\t\t\t\t\t\t\t\t\t<img fetchpriority=\"high\" decoding=\"async\" width=\"1920\" height=\"1370\" src=\"https:\/\/help2gether.fr\/wp-content\/uploads\/2021\/03\/lego-2310286_1920.jpg\" class=\"attachment-full size-full wp-image-533\" alt=\"help2gether-contact-lego\" srcset=\"https:\/\/help2gether.fr\/wp-content\/uploads\/2021\/03\/lego-2310286_1920.jpg 1920w, https:\/\/help2gether.fr\/wp-content\/uploads\/2021\/03\/lego-2310286_1920-300x214.jpg 300w, https:\/\/help2gether.fr\/wp-content\/uploads\/2021\/03\/lego-2310286_1920-1024x731.jpg 1024w, https:\/\/help2gether.fr\/wp-content\/uploads\/2021\/03\/lego-2310286_1920-768x548.jpg 768w, https:\/\/help2gether.fr\/wp-content\/uploads\/2021\/03\/lego-2310286_1920-1536x1096.jpg 1536w\" sizes=\"100vw\" \/>\t\t\t\t\t\t\t\t\t\t\t\t\t\t\t<\/div>\n\t\t\t\t<\/div>\n\t\t\t\t\t<\/div>\n\t\t<\/div>\n\t\t\t\t\t<\/div>\n\t\t<\/section>\n\t\t\t\t<section class=\"elementor-section elementor-top-section elementor-element elementor-element-39a287b elementor-section-boxed elementor-section-height-default elementor-section-height-default\" data-id=\"39a287b\" data-element_type=\"section\" data-e-type=\"section\">\n\t\t\t\t\t\t<div class=\"elementor-container elementor-column-gap-default\">\n\t\t\t\t\t<div class=\"elementor-column elementor-col-100 elementor-top-column elementor-element elementor-element-71d8139\" data-id=\"71d8139\" data-element_type=\"column\" data-e-type=\"column\">\n\t\t\t<div class=\"elementor-widget-wrap elementor-element-populated\">\n\t\t\t\t\t\t<div class=\"elementor-element elementor-element-0a5dd48 elementor-widget elementor-widget-heading\" data-id=\"0a5dd48\" data-element_type=\"widget\" data-e-type=\"widget\" data-widget_type=\"heading.default\">\n\t\t\t\t<div class=\"elementor-widget-container\">\n\t\t\t\t\t<h1 class=\"elementor-heading-title elementor-size-default\">Prenons contact<\/h1>\t\t\t\t<\/div>\n\t\t\t\t<\/div>\n\t\t\t\t<div class=\"elementor-element elementor-element-a2de689 elementor-widget elementor-widget-text-editor\" data-id=\"a2de689\" data-element_type=\"widget\" data-e-type=\"widget\" data-widget_type=\"text-editor.default\">\n\t\t\t\t<div class=\"elementor-widget-container\">\n\t\t\t\t\t\t\t\t\t<p>Besoin d\u2019\u00eatre entendu, de parler \u00e0 des aidants qui sauront te comprendre ?<\/p><p>Si tu te sens \u00e0 l\u2019aise, contacte-nous au <a href=\"tel:+33545324317\"><b>05 45 32 43 17<\/b><\/a> ou au <a href=\"tel:+33545324317\"><b>06 11 94 34 62<\/b><\/a>.<\/p><p>La personne qui d\u00e9crochera est form\u00e9e pour t\u2019\u00e9couter et te soutenir.<\/p>\t\t\t\t\t\t\t\t<\/div>\n\t\t\t\t<\/div>\n\t\t\t\t\t<\/div>\n\t\t<\/div>\n\t\t\t\t\t<\/div>\n\t\t<\/section>\n\t\t\t\t<section class=\"elementor-section elementor-top-section elementor-element elementor-element-faba2a0 elementor-section-full_width elementor-section-height-default elementor-section-height-default\" data-id=\"faba2a0\" data-element_type=\"section\" data-e-type=\"section\" data-settings=\"{&quot;background_background&quot;:&quot;classic&quot;}\">\n\t\t\t\t\t\t<div class=\"elementor-container elementor-column-gap-default\">\n\t\t\t\t\t<div class=\"elementor-column elementor-col-100 elementor-top-column elementor-element elementor-element-4002a4e\" data-id=\"4002a4e\" data-element_type=\"column\" data-e-type=\"column\">\n\t\t\t<div class=\"elementor-widget-wrap elementor-element-populated\">\n\t\t\t\t\t\t<div class=\"elementor-element elementor-element-5b165dc elementor-widget elementor-widget-heading\" data-id=\"5b165dc\" data-element_type=\"widget\" data-e-type=\"widget\" data-widget_type=\"heading.default\">\n\t\t\t\t<div class=\"elementor-widget-container\">\n\t\t\t\t\t<h2 class=\"elementor-heading-title elementor-size-medium\">Retrouve les prochaines dates de rencontres sur notre profil Instagram<\/h2>\t\t\t\t<\/div>\n\t\t\t\t<\/div>\n\t\t\t\t<div class=\"elementor-element elementor-element-53ea6c0 elementor-view-default elementor-widget elementor-widget-icon\" data-id=\"53ea6c0\" data-element_type=\"widget\" data-e-type=\"widget\" data-widget_type=\"icon.default\">\n\t\t\t\t<div class=\"elementor-widget-container\">\n\t\t\t\t\t\t\t<div class=\"elementor-icon-wrapper\">\n\t\t\t<div class=\"elementor-icon\">\n\t\t\t<i aria-hidden=\"true\" class=\"far fa-arrow-alt-circle-down\"><\/i>\t\t\t<\/div>\n\t\t<\/div>\n\t\t\t\t\t\t<\/div>\n\t\t\t\t<\/div>\n\t\t\t\t\t<\/div>\n\t\t<\/div>\n\t\t\t\t\t<\/div>\n\t\t<\/section>\n\t\t\t\t<\/div>\n\t\t","protected":false},"excerpt":{"rendered":"<p>Besoin d\u2019\u00eatre entendu, de parler \u00e0 des aidants qui sauront te comprendre ? Si tu te sens \u00e0 l\u2019aise, contacte-nous au 05 45 32 43 17 ou au 06 11 94 34 62. La personne qui d\u00e9crochera est form\u00e9e pour t\u2019\u00e9couter et te soutenir. Retrouve les prochaines dates de rencontres sur notre profil Instagram<\/p>\n","protected":false},"author":1,"featured_media":0,"parent":21,"menu_order":0,"comment_status":"closed","ping_status":"closed","template":"elementor_header_footer","meta":{"footnotes":""},"class_list":["post-23","page","type-page","status-publish","hentry"],"yoast_head":"<!-- This site is optimized with the Yoast SEO plugin v27.5 - https:\/\/yoast.com\/product\/yoast-seo-wordpress\/ -->\n<title>Prenons contact - Help2gether<\/title>\n<meta name=\"description\" content=\"Besoin d\u2019\u00eatre entendu, de parler \u00e0 des aidants qui sauront te comprendre ? Si tu te sens \u00e0 l\u2019aise, contacte-nous au 05 45 32 43 17...\" \/>\n<meta name=\"robots\" content=\"index, follow, max-snippet:-1, max-image-preview:large, max-video-preview:-1\" \/>\n<link rel=\"canonical\" href=\"https:\/\/help2gether.fr\/index.php\/comment-taider\/prenons-contact\/\" \/>\n<meta property=\"og:locale\" content=\"fr_FR\" \/>\n<meta property=\"og:type\" content=\"article\" \/>\n<meta property=\"og:title\" content=\"Prenons contact - Help2gether\" \/>\n<meta property=\"og:description\" content=\"Besoin d\u2019\u00eatre entendu, de parler \u00e0 des aidants qui sauront te comprendre ? Si tu te sens \u00e0 l\u2019aise, contacte-nous au 05 45 32 43 17...\" \/>\n<meta property=\"og:url\" content=\"https:\/\/help2gether.fr\/index.php\/comment-taider\/prenons-contact\/\" \/>\n<meta property=\"og:site_name\" content=\"Help2gether\" \/>\n<meta property=\"article:modified_time\" content=\"2021-03-12T11:25:46+00:00\" \/>\n<meta property=\"og:image\" content=\"https:\/\/help2gether.fr\/wp-content\/uploads\/2021\/03\/lego-2310286_1920.jpg\" \/>\n<meta name=\"twitter:card\" content=\"summary_large_image\" \/>\n<meta name=\"twitter:label1\" content=\"Dur\u00e9e de lecture estim\u00e9e\" \/>\n\t<meta name=\"twitter:data1\" content=\"1 minute\" \/>\n<script type=\"application\/ld+json\" class=\"yoast-schema-graph\">{\"@context\":\"https:\\\/\\\/schema.org\",\"@graph\":[{\"@type\":\"WebPage\",\"@id\":\"https:\\\/\\\/help2gether.fr\\\/index.php\\\/comment-taider\\\/prenons-contact\\\/\",\"url\":\"https:\\\/\\\/help2gether.fr\\\/index.php\\\/comment-taider\\\/prenons-contact\\\/\",\"name\":\"Prenons contact - Help2gether\",\"isPartOf\":{\"@id\":\"https:\\\/\\\/help2gether.fr\\\/#website\"},\"primaryImageOfPage\":{\"@id\":\"https:\\\/\\\/help2gether.fr\\\/index.php\\\/comment-taider\\\/prenons-contact\\\/#primaryimage\"},\"image\":{\"@id\":\"https:\\\/\\\/help2gether.fr\\\/index.php\\\/comment-taider\\\/prenons-contact\\\/#primaryimage\"},\"thumbnailUrl\":\"https:\\\/\\\/help2gether.fr\\\/wp-content\\\/uploads\\\/2021\\\/03\\\/lego-2310286_1920.jpg\",\"datePublished\":\"2021-02-12T14:08:53+00:00\",\"dateModified\":\"2021-03-12T11:25:46+00:00\",\"description\":\"Besoin d\u2019\u00eatre entendu, de parler \u00e0 des aidants qui sauront te comprendre ? Si tu te sens \u00e0 l\u2019aise, contacte-nous au 05 45 32 43 17...\",\"breadcrumb\":{\"@id\":\"https:\\\/\\\/help2gether.fr\\\/index.php\\\/comment-taider\\\/prenons-contact\\\/#breadcrumb\"},\"inLanguage\":\"fr-FR\",\"potentialAction\":[{\"@type\":\"ReadAction\",\"target\":[\"https:\\\/\\\/help2gether.fr\\\/index.php\\\/comment-taider\\\/prenons-contact\\\/\"]}]},{\"@type\":\"ImageObject\",\"inLanguage\":\"fr-FR\",\"@id\":\"https:\\\/\\\/help2gether.fr\\\/index.php\\\/comment-taider\\\/prenons-contact\\\/#primaryimage\",\"url\":\"https:\\\/\\\/help2gether.fr\\\/wp-content\\\/uploads\\\/2021\\\/03\\\/lego-2310286_1920.jpg\",\"contentUrl\":\"https:\\\/\\\/help2gether.fr\\\/wp-content\\\/uploads\\\/2021\\\/03\\\/lego-2310286_1920.jpg\",\"width\":1920,\"height\":1370,\"caption\":\"help2gether-contact-lego\"},{\"@type\":\"BreadcrumbList\",\"@id\":\"https:\\\/\\\/help2gether.fr\\\/index.php\\\/comment-taider\\\/prenons-contact\\\/#breadcrumb\",\"itemListElement\":[{\"@type\":\"ListItem\",\"position\":1,\"name\":\"Accueil\",\"item\":\"https:\\\/\\\/help2gether.fr\\\/\"},{\"@type\":\"ListItem\",\"position\":2,\"name\":\"Comment t\u2019aider ?\",\"item\":\"https:\\\/\\\/help2gether.fr\\\/index.php\\\/comment-taider\\\/\"},{\"@type\":\"ListItem\",\"position\":3,\"name\":\"Prenons contact\"}]},{\"@type\":\"WebSite\",\"@id\":\"https:\\\/\\\/help2gether.fr\\\/#website\",\"url\":\"https:\\\/\\\/help2gether.fr\\\/\",\"name\":\"Help2gether\",\"description\":\"Les jeunes aidants s\u2019entraident\",\"publisher\":{\"@id\":\"https:\\\/\\\/help2gether.fr\\\/#organization\"},\"potentialAction\":[{\"@type\":\"SearchAction\",\"target\":{\"@type\":\"EntryPoint\",\"urlTemplate\":\"https:\\\/\\\/help2gether.fr\\\/?s={search_term_string}\"},\"query-input\":{\"@type\":\"PropertyValueSpecification\",\"valueRequired\":true,\"valueName\":\"search_term_string\"}}],\"inLanguage\":\"fr-FR\"},{\"@type\":\"Organization\",\"@id\":\"https:\\\/\\\/help2gether.fr\\\/#organization\",\"name\":\"Help2gether\",\"url\":\"https:\\\/\\\/help2gether.fr\\\/\",\"logo\":{\"@type\":\"ImageObject\",\"inLanguage\":\"fr-FR\",\"@id\":\"https:\\\/\\\/help2gether.fr\\\/#\\\/schema\\\/logo\\\/image\\\/\",\"url\":\"https:\\\/\\\/help2gether.fr\\\/wp-content\\\/uploads\\\/2021\\\/02\\\/cropped-help2gether-logo.png\",\"contentUrl\":\"https:\\\/\\\/help2gether.fr\\\/wp-content\\\/uploads\\\/2021\\\/02\\\/cropped-help2gether-logo.png\",\"width\":250,\"height\":250,\"caption\":\"Help2gether\"},\"image\":{\"@id\":\"https:\\\/\\\/help2gether.fr\\\/#\\\/schema\\\/logo\\\/image\\\/\"}}]}<\/script>\n<!-- \/ Yoast SEO plugin. -->","yoast_head_json":{"title":"Prenons contact - Help2gether","description":"Besoin d\u2019\u00eatre entendu, de parler \u00e0 des aidants qui sauront te comprendre ? Si tu te sens \u00e0 l\u2019aise, contacte-nous au 05 45 32 43 17...","robots":{"index":"index","follow":"follow","max-snippet":"max-snippet:-1","max-image-preview":"max-image-preview:large","max-video-preview":"max-video-preview:-1"},"canonical":"https:\/\/help2gether.fr\/index.php\/comment-taider\/prenons-contact\/","og_locale":"fr_FR","og_type":"article","og_title":"Prenons contact - Help2gether","og_description":"Besoin d\u2019\u00eatre entendu, de parler \u00e0 des aidants qui sauront te comprendre ? Si tu te sens \u00e0 l\u2019aise, contacte-nous au 05 45 32 43 17...","og_url":"https:\/\/help2gether.fr\/index.php\/comment-taider\/prenons-contact\/","og_site_name":"Help2gether","article_modified_time":"2021-03-12T11:25:46+00:00","og_image":[{"url":"https:\/\/help2gether.fr\/wp-content\/uploads\/2021\/03\/lego-2310286_1920.jpg","type":"","width":"","height":""}],"twitter_card":"summary_large_image","twitter_misc":{"Dur\u00e9e de lecture estim\u00e9e":"1 minute"},"schema":{"@context":"https:\/\/schema.org","@graph":[{"@type":"WebPage","@id":"https:\/\/help2gether.fr\/index.php\/comment-taider\/prenons-contact\/","url":"https:\/\/help2gether.fr\/index.php\/comment-taider\/prenons-contact\/","name":"Prenons contact - Help2gether","isPartOf":{"@id":"https:\/\/help2gether.fr\/#website"},"primaryImageOfPage":{"@id":"https:\/\/help2gether.fr\/index.php\/comment-taider\/prenons-contact\/#primaryimage"},"image":{"@id":"https:\/\/help2gether.fr\/index.php\/comment-taider\/prenons-contact\/#primaryimage"},"thumbnailUrl":"https:\/\/help2gether.fr\/wp-content\/uploads\/2021\/03\/lego-2310286_1920.jpg","datePublished":"2021-02-12T14:08:53+00:00","dateModified":"2021-03-12T11:25:46+00:00","description":"Besoin d\u2019\u00eatre entendu, de parler \u00e0 des aidants qui sauront te comprendre ? Si tu te sens \u00e0 l\u2019aise, contacte-nous au 05 45 32 43 17...","breadcrumb":{"@id":"https:\/\/help2gether.fr\/index.php\/comment-taider\/prenons-contact\/#breadcrumb"},"inLanguage":"fr-FR","potentialAction":[{"@type":"ReadAction","target":["https:\/\/help2gether.fr\/index.php\/comment-taider\/prenons-contact\/"]}]},{"@type":"ImageObject","inLanguage":"fr-FR","@id":"https:\/\/help2gether.fr\/index.php\/comment-taider\/prenons-contact\/#primaryimage","url":"https:\/\/help2gether.fr\/wp-content\/uploads\/2021\/03\/lego-2310286_1920.jpg","contentUrl":"https:\/\/help2gether.fr\/wp-content\/uploads\/2021\/03\/lego-2310286_1920.jpg","width":1920,"height":1370,"caption":"help2gether-contact-lego"},{"@type":"BreadcrumbList","@id":"https:\/\/help2gether.fr\/index.php\/comment-taider\/prenons-contact\/#breadcrumb","itemListElement":[{"@type":"ListItem","position":1,"name":"Accueil","item":"https:\/\/help2gether.fr\/"},{"@type":"ListItem","position":2,"name":"Comment t\u2019aider ?","item":"https:\/\/help2gether.fr\/index.php\/comment-taider\/"},{"@type":"ListItem","position":3,"name":"Prenons contact"}]},{"@type":"WebSite","@id":"https:\/\/help2gether.fr\/#website","url":"https:\/\/help2gether.fr\/","name":"Help2gether","description":"Les jeunes aidants s\u2019entraident","publisher":{"@id":"https:\/\/help2gether.fr\/#organization"},"potentialAction":[{"@type":"SearchAction","target":{"@type":"EntryPoint","urlTemplate":"https:\/\/help2gether.fr\/?s={search_term_string}"},"query-input":{"@type":"PropertyValueSpecification","valueRequired":true,"valueName":"search_term_string"}}],"inLanguage":"fr-FR"},{"@type":"Organization","@id":"https:\/\/help2gether.fr\/#organization","name":"Help2gether","url":"https:\/\/help2gether.fr\/","logo":{"@type":"ImageObject","inLanguage":"fr-FR","@id":"https:\/\/help2gether.fr\/#\/schema\/logo\/image\/","url":"https:\/\/help2gether.fr\/wp-content\/uploads\/2021\/02\/cropped-help2gether-logo.png","contentUrl":"https:\/\/help2gether.fr\/wp-content\/uploads\/2021\/02\/cropped-help2gether-logo.png","width":250,"height":250,"caption":"Help2gether"},"image":{"@id":"https:\/\/help2gether.fr\/#\/schema\/logo\/image\/"}}]}},"_links":{"self":[{"href":"https:\/\/help2gether.fr\/index.php\/wp-json\/wp\/v2\/pages\/23","targetHints":{"allow":["GET"]}}],"collection":[{"href":"https:\/\/help2gether.fr\/index.php\/wp-json\/wp\/v2\/pages"}],"about":[{"href":"https:\/\/help2gether.fr\/index.php\/wp-json\/wp\/v2\/types\/page"}],"author":[{"embeddable":true,"href":"https:\/\/help2gether.fr\/index.php\/wp-json\/wp\/v2\/users\/1"}],"replies":[{"embeddable":true,"href":"https:\/\/help2gether.fr\/index.php\/wp-json\/wp\/v2\/comments?post=23"}],"version-history":[{"count":20,"href":"https:\/\/help2gether.fr\/index.php\/wp-json\/wp\/v2\/pages\/23\/revisions"}],"predecessor-version":[{"id":716,"href":"https:\/\/help2gether.fr\/index.php\/wp-json\/wp\/v2\/pages\/23\/revisions\/716"}],"up":[{"embeddable":true,"href":"https:\/\/help2gether.fr\/index.php\/wp-json\/wp\/v2\/pages\/21"}],"wp:attachment":[{"href":"https:\/\/help2gether.fr\/index.php\/wp-json\/wp\/v2\/media?parent=23"}],"curies":[{"name":"wp","href":"https:\/\/api.w.org\/{rel}","templated":true}]}}