{"id":25,"date":"2021-02-12T14:09:22","date_gmt":"2021-02-12T14:09:22","guid":{"rendered":"https:\/\/help2gether.fr\/?page_id=25"},"modified":"2022-06-09T10:02:44","modified_gmt":"2022-06-09T10:02:44","slug":"envie-de-souffler","status":"publish","type":"page","link":"https:\/\/help2gether.fr\/index.php\/comment-taider\/envie-de-souffler\/","title":{"rendered":"Envie de souffler"},"content":{"rendered":"\t\t<div data-elementor-type=\"wp-page\" data-elementor-id=\"25\" class=\"elementor elementor-25\" data-elementor-post-type=\"page\">\n\t\t\t\t\t\t<section class=\"elementor-section elementor-top-section elementor-element elementor-element-b97f4a5 elementor-section-full_width elementor-section-height-default elementor-section-height-default\" data-id=\"b97f4a5\" data-element_type=\"section\" data-e-type=\"section\" data-settings=\"{&quot;shape_divider_bottom&quot;:&quot;mountains&quot;}\">\n\t\t\t\t\t<div class=\"elementor-shape elementor-shape-bottom\" aria-hidden=\"true\" data-negative=\"false\">\n\t\t\t<svg xmlns=\"http:\/\/www.w3.org\/2000\/svg\" viewBox=\"0 0 1000 100\" preserveAspectRatio=\"none\">\n\t<path class=\"elementor-shape-fill\" opacity=\"0.33\" d=\"M473,67.3c-203.9,88.3-263.1-34-320.3,0C66,119.1,0,59.7,0,59.7V0h1000v59.7 c0,0-62.1,26.1-94.9,29.3c-32.8,3.3-62.8-12.3-75.8-22.1C806,49.6,745.3,8.7,694.9,4.7S492.4,59,473,67.3z\"\/>\n\t<path class=\"elementor-shape-fill\" opacity=\"0.66\" d=\"M734,67.3c-45.5,0-77.2-23.2-129.1-39.1c-28.6-8.7-150.3-10.1-254,39.1 s-91.7-34.4-149.2,0C115.7,118.3,0,39.8,0,39.8V0h1000v36.5c0,0-28.2-18.5-92.1-18.5C810.2,18.1,775.7,67.3,734,67.3z\"\/>\n\t<path class=\"elementor-shape-fill\" d=\"M766.1,28.9c-200-57.5-266,65.5-395.1,19.5C242,1.8,242,5.4,184.8,20.6C128,35.8,132.3,44.9,89.9,52.5C28.6,63.7,0,0,0,0 h1000c0,0-9.9,40.9-83.6,48.1S829.6,47,766.1,28.9z\"\/>\n<\/svg>\t\t<\/div>\n\t\t\t\t\t<div class=\"elementor-container elementor-column-gap-no\">\n\t\t\t\t\t<div class=\"elementor-column elementor-col-100 elementor-top-column elementor-element elementor-element-d56a615\" data-id=\"d56a615\" data-element_type=\"column\" data-e-type=\"column\">\n\t\t\t<div class=\"elementor-widget-wrap elementor-element-populated\">\n\t\t\t\t\t\t<div class=\"elementor-element elementor-element-b25a55b elementor-widget elementor-widget-image\" data-id=\"b25a55b\" data-element_type=\"widget\" data-e-type=\"widget\" data-widget_type=\"image.default\">\n\t\t\t\t<div class=\"elementor-widget-container\">\n\t\t\t\t\t\t\t\t\t\t\t\t\t\t\t<img fetchpriority=\"high\" decoding=\"async\" width=\"1920\" height=\"1280\" src=\"https:\/\/help2gether.fr\/wp-content\/uploads\/2021\/03\/beach-1836467_1920.jpg\" class=\"attachment-full size-full wp-image-554\" alt=\"help2gether-plage\" srcset=\"https:\/\/help2gether.fr\/wp-content\/uploads\/2021\/03\/beach-1836467_1920.jpg 1920w, https:\/\/help2gether.fr\/wp-content\/uploads\/2021\/03\/beach-1836467_1920-300x200.jpg 300w, https:\/\/help2gether.fr\/wp-content\/uploads\/2021\/03\/beach-1836467_1920-1024x683.jpg 1024w, https:\/\/help2gether.fr\/wp-content\/uploads\/2021\/03\/beach-1836467_1920-768x512.jpg 768w, https:\/\/help2gether.fr\/wp-content\/uploads\/2021\/03\/beach-1836467_1920-1536x1024.jpg 1536w\" sizes=\"100vw\" \/>\t\t\t\t\t\t\t\t\t\t\t\t\t\t\t<\/div>\n\t\t\t\t<\/div>\n\t\t\t\t\t<\/div>\n\t\t<\/div>\n\t\t\t\t\t<\/div>\n\t\t<\/section>\n\t\t\t\t<section class=\"elementor-section elementor-top-section elementor-element elementor-element-f773fa8 elementor-section-boxed elementor-section-height-default elementor-section-height-default\" data-id=\"f773fa8\" data-element_type=\"section\" data-e-type=\"section\">\n\t\t\t\t\t\t<div class=\"elementor-container elementor-column-gap-default\">\n\t\t\t\t\t<div class=\"elementor-column elementor-col-100 elementor-top-column elementor-element elementor-element-cbb66c7\" data-id=\"cbb66c7\" data-element_type=\"column\" data-e-type=\"column\">\n\t\t\t<div class=\"elementor-widget-wrap elementor-element-populated\">\n\t\t\t\t\t\t<div class=\"elementor-element elementor-element-66f0f6b elementor-widget elementor-widget-heading\" data-id=\"66f0f6b\" data-element_type=\"widget\" data-e-type=\"widget\" data-widget_type=\"heading.default\">\n\t\t\t\t<div class=\"elementor-widget-container\">\n\t\t\t\t\t<h1 class=\"elementor-heading-title elementor-size-default\">Envie de souffler<\/h1>\t\t\t\t<\/div>\n\t\t\t\t<\/div>\n\t\t\t\t<div class=\"elementor-element elementor-element-cde6c2c elementor-widget elementor-widget-text-editor\" data-id=\"cde6c2c\" data-element_type=\"widget\" data-e-type=\"widget\" data-widget_type=\"text-editor.default\">\n\t\t\t\t<div class=\"elementor-widget-container\">\n\t\t\t\t\t\t\t\t\t<p>Le CASA met en place, depuis dix ans, des solutions de r\u00e9pit \u00e0 destination des aidants familiaux en organisant des sorties, des week-ends.\u00a0<\/p><p>Help2gether est le bon outil pour nous faire part de tes envies de sorties, d\u2019ateliers de week-ends avec d\u2019autres jeunes dans ta situation<\/p>\t\t\t\t\t\t\t\t<\/div>\n\t\t\t\t<\/div>\n\t\t\t\t\t<\/div>\n\t\t<\/div>\n\t\t\t\t\t<\/div>\n\t\t<\/section>\n\t\t\t\t<section class=\"elementor-section elementor-top-section elementor-element elementor-element-ce58c54 elementor-section-full_width elementor-section-height-default elementor-section-height-default\" data-id=\"ce58c54\" data-element_type=\"section\" data-e-type=\"section\" data-settings=\"{&quot;background_background&quot;:&quot;classic&quot;}\">\n\t\t\t\t\t\t<div class=\"elementor-container elementor-column-gap-default\">\n\t\t\t\t\t<div class=\"elementor-column elementor-col-100 elementor-top-column elementor-element elementor-element-c8b80be\" data-id=\"c8b80be\" data-element_type=\"column\" data-e-type=\"column\">\n\t\t\t<div class=\"elementor-widget-wrap elementor-element-populated\">\n\t\t\t\t\t\t<div class=\"elementor-element elementor-element-e9e7afd elementor-widget elementor-widget-heading\" data-id=\"e9e7afd\" data-element_type=\"widget\" data-e-type=\"widget\" data-widget_type=\"heading.default\">\n\t\t\t\t<div class=\"elementor-widget-container\">\n\t\t\t\t\t<h2 class=\"elementor-heading-title elementor-size-medium\">Une bonne id\u00e9e pour prendre l\u2019air avec d\u2019autres jeunes, aidants ou non?<br>Help2gether te soutiendra pour l\u2019organiser, \u00e0 partir d\u2019un minimum de\ncinq participants. <br><br>Alors passe l\u2019info !<\/h2>\t\t\t\t<\/div>\n\t\t\t\t<\/div>\n\t\t\t\t<div class=\"elementor-element elementor-element-9624e80 elementor-view-default elementor-widget elementor-widget-icon\" data-id=\"9624e80\" data-element_type=\"widget\" data-e-type=\"widget\" data-widget_type=\"icon.default\">\n\t\t\t\t<div class=\"elementor-widget-container\">\n\t\t\t\t\t\t\t<div class=\"elementor-icon-wrapper\">\n\t\t\t<div class=\"elementor-icon\">\n\t\t\t<i aria-hidden=\"true\" class=\"far fa-arrow-alt-circle-down\"><\/i>\t\t\t<\/div>\n\t\t<\/div>\n\t\t\t\t\t\t<\/div>\n\t\t\t\t<\/div>\n\t\t\t\t\t<\/div>\n\t\t<\/div>\n\t\t\t\t\t<\/div>\n\t\t<\/section>\n\t\t\t\t<section class=\"elementor-section elementor-top-section elementor-element elementor-element-beeca00 elementor-section-boxed elementor-section-height-default elementor-section-height-default\" data-id=\"beeca00\" data-element_type=\"section\" data-e-type=\"section\">\n\t\t\t\t\t\t<div class=\"elementor-container elementor-column-gap-default\">\n\t\t\t\t\t<div class=\"elementor-column elementor-col-100 elementor-top-column elementor-element elementor-element-068a21f\" data-id=\"068a21f\" data-element_type=\"column\" data-e-type=\"column\">\n\t\t\t<div class=\"elementor-widget-wrap elementor-element-populated\">\n\t\t\t\t\t\t<div class=\"elementor-element elementor-element-f269af2 elementor-widget elementor-widget-heading\" data-id=\"f269af2\" data-element_type=\"widget\" data-e-type=\"widget\" data-widget_type=\"heading.default\">\n\t\t\t\t<div class=\"elementor-widget-container\">\n\t\t\t\t\t<h2 class=\"elementor-heading-title elementor-size-default\">S\u00e9jour interg\u00e9n\u00e9rationnel \u00e0 Sainte Marie de Campan dans Les Pyr\u00e9n\u00e9es.\nPr\u00e8s de 20 aidants d\u00e9j\u00e0 pr\u00eats pour un grand bol d'air et des \u00e9changes fructueux<\/h2>\t\t\t\t<\/div>\n\t\t\t\t<\/div>\n\t\t\t\t\t<\/div>\n\t\t<\/div>\n\t\t\t\t\t<\/div>\n\t\t<\/section>\n\t\t\t\t<section class=\"elementor-section elementor-top-section elementor-element elementor-element-fd08b09 elementor-section-boxed elementor-section-height-default elementor-section-height-default\" data-id=\"fd08b09\" data-element_type=\"section\" data-e-type=\"section\">\n\t\t\t\t\t\t<div class=\"elementor-container elementor-column-gap-default\">\n\t\t\t\t\t<div class=\"elementor-column elementor-col-100 elementor-top-column elementor-element elementor-element-a86941c\" data-id=\"a86941c\" data-element_type=\"column\" data-e-type=\"column\">\n\t\t\t<div class=\"elementor-widget-wrap elementor-element-populated\">\n\t\t\t\t\t\t<div class=\"elementor-element elementor-element-bec479d elementor-widget elementor-widget-image\" data-id=\"bec479d\" data-element_type=\"widget\" data-e-type=\"widget\" data-widget_type=\"image.default\">\n\t\t\t\t<div class=\"elementor-widget-container\">\n\t\t\t\t\t\t\t\t\t\t\t\t\t\t\t<img decoding=\"async\" width=\"525\" height=\"371\" src=\"https:\/\/help2gether.fr\/wp-content\/uploads\/2022\/06\/Flyer-Sejour_Intergenerations_07-2022-1024x724.jpg\" class=\"attachment-large size-large wp-image-800\" alt=\"\" srcset=\"https:\/\/help2gether.fr\/wp-content\/uploads\/2022\/06\/Flyer-Sejour_Intergenerations_07-2022-1024x724.jpg 1024w, https:\/\/help2gether.fr\/wp-content\/uploads\/2022\/06\/Flyer-Sejour_Intergenerations_07-2022-300x212.jpg 300w, https:\/\/help2gether.fr\/wp-content\/uploads\/2022\/06\/Flyer-Sejour_Intergenerations_07-2022-768x543.jpg 768w, https:\/\/help2gether.fr\/wp-content\/uploads\/2022\/06\/Flyer-Sejour_Intergenerations_07-2022-1536x1086.jpg 1536w, https:\/\/help2gether.fr\/wp-content\/uploads\/2022\/06\/Flyer-Sejour_Intergenerations_07-2022-2048x1448.jpg 2048w\" sizes=\"100vw\" \/>\t\t\t\t\t\t\t\t\t\t\t\t\t\t\t<\/div>\n\t\t\t\t<\/div>\n\t\t\t\t\t<\/div>\n\t\t<\/div>\n\t\t\t\t\t<\/div>\n\t\t<\/section>\n\t\t\t\t<\/div>\n\t\t","protected":false},"excerpt":{"rendered":"<p>Le CASA met en place, depuis dix ans, des solutions de r\u00e9pit \u00e0 destination des aidants familiaux en organisant des sorties, des week-ends.\u00a0 Help2gether est le bon outil pour nous faire part de tes envies de sorties, d\u2019ateliers de week-ends avec d\u2019autres jeunes dans ta situation Une bonne id\u00e9e pour prendre l\u2019air avec d\u2019autres jeunes, &hellip; <\/p>\n<p class=\"link-more\"><a href=\"https:\/\/help2gether.fr\/index.php\/comment-taider\/envie-de-souffler\/\" class=\"more-link\">Continuer la lecture<span class=\"screen-reader-text\"> de &laquo;&nbsp;Envie de souffler&nbsp;&raquo;<\/span><\/a><\/p>\n","protected":false},"author":1,"featured_media":0,"parent":21,"menu_order":1,"comment_status":"closed","ping_status":"closed","template":"elementor_header_footer","meta":{"footnotes":""},"class_list":["post-25","page","type-page","status-publish","hentry"],"yoast_head":"<!-- This site is optimized with the Yoast SEO plugin v27.5 - https:\/\/yoast.com\/product\/yoast-seo-wordpress\/ -->\n<title>Envie de souffler - Help2gether<\/title>\n<meta name=\"description\" content=\"Besoin de parler de ta situation librement, de partager ce que tu vis au quotidien en dehors de ta famille ? Help2gether a l\u2019ambition...\" \/>\n<meta name=\"robots\" content=\"index, follow, max-snippet:-1, max-image-preview:large, max-video-preview:-1\" \/>\n<link rel=\"canonical\" href=\"https:\/\/help2gether.fr\/index.php\/comment-taider\/envie-de-souffler\/\" \/>\n<meta property=\"og:locale\" content=\"fr_FR\" \/>\n<meta property=\"og:type\" content=\"article\" \/>\n<meta property=\"og:title\" content=\"Envie de souffler - Help2gether\" \/>\n<meta property=\"og:description\" content=\"Besoin de parler de ta situation librement, de partager ce que tu vis au quotidien en dehors de ta famille ? Help2gether a l\u2019ambition...\" \/>\n<meta property=\"og:url\" content=\"https:\/\/help2gether.fr\/index.php\/comment-taider\/envie-de-souffler\/\" \/>\n<meta property=\"og:site_name\" content=\"Help2gether\" \/>\n<meta property=\"article:modified_time\" content=\"2022-06-09T10:02:44+00:00\" \/>\n<meta property=\"og:image\" content=\"https:\/\/help2gether.fr\/wp-content\/uploads\/2021\/03\/beach-1836467_1920.jpg\" \/>\n<meta name=\"twitter:card\" content=\"summary_large_image\" \/>\n<meta name=\"twitter:label1\" content=\"Dur\u00e9e de lecture estim\u00e9e\" \/>\n\t<meta name=\"twitter:data1\" content=\"1 minute\" \/>\n<script type=\"application\/ld+json\" class=\"yoast-schema-graph\">{\"@context\":\"https:\\\/\\\/schema.org\",\"@graph\":[{\"@type\":\"WebPage\",\"@id\":\"https:\\\/\\\/help2gether.fr\\\/index.php\\\/comment-taider\\\/envie-de-souffler\\\/\",\"url\":\"https:\\\/\\\/help2gether.fr\\\/index.php\\\/comment-taider\\\/envie-de-souffler\\\/\",\"name\":\"Envie de souffler - Help2gether\",\"isPartOf\":{\"@id\":\"https:\\\/\\\/help2gether.fr\\\/#website\"},\"primaryImageOfPage\":{\"@id\":\"https:\\\/\\\/help2gether.fr\\\/index.php\\\/comment-taider\\\/envie-de-souffler\\\/#primaryimage\"},\"image\":{\"@id\":\"https:\\\/\\\/help2gether.fr\\\/index.php\\\/comment-taider\\\/envie-de-souffler\\\/#primaryimage\"},\"thumbnailUrl\":\"https:\\\/\\\/help2gether.fr\\\/wp-content\\\/uploads\\\/2021\\\/03\\\/beach-1836467_1920.jpg\",\"datePublished\":\"2021-02-12T14:09:22+00:00\",\"dateModified\":\"2022-06-09T10:02:44+00:00\",\"description\":\"Besoin de parler de ta situation librement, de partager ce que tu vis au quotidien en dehors de ta famille ? Help2gether a l\u2019ambition...\",\"breadcrumb\":{\"@id\":\"https:\\\/\\\/help2gether.fr\\\/index.php\\\/comment-taider\\\/envie-de-souffler\\\/#breadcrumb\"},\"inLanguage\":\"fr-FR\",\"potentialAction\":[{\"@type\":\"ReadAction\",\"target\":[\"https:\\\/\\\/help2gether.fr\\\/index.php\\\/comment-taider\\\/envie-de-souffler\\\/\"]}]},{\"@type\":\"ImageObject\",\"inLanguage\":\"fr-FR\",\"@id\":\"https:\\\/\\\/help2gether.fr\\\/index.php\\\/comment-taider\\\/envie-de-souffler\\\/#primaryimage\",\"url\":\"https:\\\/\\\/help2gether.fr\\\/wp-content\\\/uploads\\\/2021\\\/03\\\/beach-1836467_1920.jpg\",\"contentUrl\":\"https:\\\/\\\/help2gether.fr\\\/wp-content\\\/uploads\\\/2021\\\/03\\\/beach-1836467_1920.jpg\",\"width\":1920,\"height\":1280,\"caption\":\"help2gether-plage\"},{\"@type\":\"BreadcrumbList\",\"@id\":\"https:\\\/\\\/help2gether.fr\\\/index.php\\\/comment-taider\\\/envie-de-souffler\\\/#breadcrumb\",\"itemListElement\":[{\"@type\":\"ListItem\",\"position\":1,\"name\":\"Accueil\",\"item\":\"https:\\\/\\\/help2gether.fr\\\/\"},{\"@type\":\"ListItem\",\"position\":2,\"name\":\"Comment t\u2019aider ?\",\"item\":\"https:\\\/\\\/help2gether.fr\\\/index.php\\\/comment-taider\\\/\"},{\"@type\":\"ListItem\",\"position\":3,\"name\":\"Envie de souffler\"}]},{\"@type\":\"WebSite\",\"@id\":\"https:\\\/\\\/help2gether.fr\\\/#website\",\"url\":\"https:\\\/\\\/help2gether.fr\\\/\",\"name\":\"Help2gether\",\"description\":\"Les jeunes aidants s\u2019entraident\",\"publisher\":{\"@id\":\"https:\\\/\\\/help2gether.fr\\\/#organization\"},\"potentialAction\":[{\"@type\":\"SearchAction\",\"target\":{\"@type\":\"EntryPoint\",\"urlTemplate\":\"https:\\\/\\\/help2gether.fr\\\/?s={search_term_string}\"},\"query-input\":{\"@type\":\"PropertyValueSpecification\",\"valueRequired\":true,\"valueName\":\"search_term_string\"}}],\"inLanguage\":\"fr-FR\"},{\"@type\":\"Organization\",\"@id\":\"https:\\\/\\\/help2gether.fr\\\/#organization\",\"name\":\"Help2gether\",\"url\":\"https:\\\/\\\/help2gether.fr\\\/\",\"logo\":{\"@type\":\"ImageObject\",\"inLanguage\":\"fr-FR\",\"@id\":\"https:\\\/\\\/help2gether.fr\\\/#\\\/schema\\\/logo\\\/image\\\/\",\"url\":\"https:\\\/\\\/help2gether.fr\\\/wp-content\\\/uploads\\\/2021\\\/02\\\/cropped-help2gether-logo.png\",\"contentUrl\":\"https:\\\/\\\/help2gether.fr\\\/wp-content\\\/uploads\\\/2021\\\/02\\\/cropped-help2gether-logo.png\",\"width\":250,\"height\":250,\"caption\":\"Help2gether\"},\"image\":{\"@id\":\"https:\\\/\\\/help2gether.fr\\\/#\\\/schema\\\/logo\\\/image\\\/\"}}]}<\/script>\n<!-- \/ Yoast SEO plugin. -->","yoast_head_json":{"title":"Envie de souffler - Help2gether","description":"Besoin de parler de ta situation librement, de partager ce que tu vis au quotidien en dehors de ta famille ? Help2gether a l\u2019ambition...","robots":{"index":"index","follow":"follow","max-snippet":"max-snippet:-1","max-image-preview":"max-image-preview:large","max-video-preview":"max-video-preview:-1"},"canonical":"https:\/\/help2gether.fr\/index.php\/comment-taider\/envie-de-souffler\/","og_locale":"fr_FR","og_type":"article","og_title":"Envie de souffler - Help2gether","og_description":"Besoin de parler de ta situation librement, de partager ce que tu vis au quotidien en dehors de ta famille ? Help2gether a l\u2019ambition...","og_url":"https:\/\/help2gether.fr\/index.php\/comment-taider\/envie-de-souffler\/","og_site_name":"Help2gether","article_modified_time":"2022-06-09T10:02:44+00:00","og_image":[{"url":"https:\/\/help2gether.fr\/wp-content\/uploads\/2021\/03\/beach-1836467_1920.jpg","type":"","width":"","height":""}],"twitter_card":"summary_large_image","twitter_misc":{"Dur\u00e9e de lecture estim\u00e9e":"1 minute"},"schema":{"@context":"https:\/\/schema.org","@graph":[{"@type":"WebPage","@id":"https:\/\/help2gether.fr\/index.php\/comment-taider\/envie-de-souffler\/","url":"https:\/\/help2gether.fr\/index.php\/comment-taider\/envie-de-souffler\/","name":"Envie de souffler - Help2gether","isPartOf":{"@id":"https:\/\/help2gether.fr\/#website"},"primaryImageOfPage":{"@id":"https:\/\/help2gether.fr\/index.php\/comment-taider\/envie-de-souffler\/#primaryimage"},"image":{"@id":"https:\/\/help2gether.fr\/index.php\/comment-taider\/envie-de-souffler\/#primaryimage"},"thumbnailUrl":"https:\/\/help2gether.fr\/wp-content\/uploads\/2021\/03\/beach-1836467_1920.jpg","datePublished":"2021-02-12T14:09:22+00:00","dateModified":"2022-06-09T10:02:44+00:00","description":"Besoin de parler de ta situation librement, de partager ce que tu vis au quotidien en dehors de ta famille ? Help2gether a l\u2019ambition...","breadcrumb":{"@id":"https:\/\/help2gether.fr\/index.php\/comment-taider\/envie-de-souffler\/#breadcrumb"},"inLanguage":"fr-FR","potentialAction":[{"@type":"ReadAction","target":["https:\/\/help2gether.fr\/index.php\/comment-taider\/envie-de-souffler\/"]}]},{"@type":"ImageObject","inLanguage":"fr-FR","@id":"https:\/\/help2gether.fr\/index.php\/comment-taider\/envie-de-souffler\/#primaryimage","url":"https:\/\/help2gether.fr\/wp-content\/uploads\/2021\/03\/beach-1836467_1920.jpg","contentUrl":"https:\/\/help2gether.fr\/wp-content\/uploads\/2021\/03\/beach-1836467_1920.jpg","width":1920,"height":1280,"caption":"help2gether-plage"},{"@type":"BreadcrumbList","@id":"https:\/\/help2gether.fr\/index.php\/comment-taider\/envie-de-souffler\/#breadcrumb","itemListElement":[{"@type":"ListItem","position":1,"name":"Accueil","item":"https:\/\/help2gether.fr\/"},{"@type":"ListItem","position":2,"name":"Comment t\u2019aider ?","item":"https:\/\/help2gether.fr\/index.php\/comment-taider\/"},{"@type":"ListItem","position":3,"name":"Envie de souffler"}]},{"@type":"WebSite","@id":"https:\/\/help2gether.fr\/#website","url":"https:\/\/help2gether.fr\/","name":"Help2gether","description":"Les jeunes aidants s\u2019entraident","publisher":{"@id":"https:\/\/help2gether.fr\/#organization"},"potentialAction":[{"@type":"SearchAction","target":{"@type":"EntryPoint","urlTemplate":"https:\/\/help2gether.fr\/?s={search_term_string}"},"query-input":{"@type":"PropertyValueSpecification","valueRequired":true,"valueName":"search_term_string"}}],"inLanguage":"fr-FR"},{"@type":"Organization","@id":"https:\/\/help2gether.fr\/#organization","name":"Help2gether","url":"https:\/\/help2gether.fr\/","logo":{"@type":"ImageObject","inLanguage":"fr-FR","@id":"https:\/\/help2gether.fr\/#\/schema\/logo\/image\/","url":"https:\/\/help2gether.fr\/wp-content\/uploads\/2021\/02\/cropped-help2gether-logo.png","contentUrl":"https:\/\/help2gether.fr\/wp-content\/uploads\/2021\/02\/cropped-help2gether-logo.png","width":250,"height":250,"caption":"Help2gether"},"image":{"@id":"https:\/\/help2gether.fr\/#\/schema\/logo\/image\/"}}]}},"_links":{"self":[{"href":"https:\/\/help2gether.fr\/index.php\/wp-json\/wp\/v2\/pages\/25","targetHints":{"allow":["GET"]}}],"collection":[{"href":"https:\/\/help2gether.fr\/index.php\/wp-json\/wp\/v2\/pages"}],"about":[{"href":"https:\/\/help2gether.fr\/index.php\/wp-json\/wp\/v2\/types\/page"}],"author":[{"embeddable":true,"href":"https:\/\/help2gether.fr\/index.php\/wp-json\/wp\/v2\/users\/1"}],"replies":[{"embeddable":true,"href":"https:\/\/help2gether.fr\/index.php\/wp-json\/wp\/v2\/comments?post=25"}],"version-history":[{"count":32,"href":"https:\/\/help2gether.fr\/index.php\/wp-json\/wp\/v2\/pages\/25\/revisions"}],"predecessor-version":[{"id":807,"href":"https:\/\/help2gether.fr\/index.php\/wp-json\/wp\/v2\/pages\/25\/revisions\/807"}],"up":[{"embeddable":true,"href":"https:\/\/help2gether.fr\/index.php\/wp-json\/wp\/v2\/pages\/21"}],"wp:attachment":[{"href":"https:\/\/help2gether.fr\/index.php\/wp-json\/wp\/v2\/media?parent=25"}],"curies":[{"name":"wp","href":"https:\/\/api.w.org\/{rel}","templated":true}]}}